{"id":1094,"date":"2025-08-25T21:02:29","date_gmt":"2025-08-25T21:02:29","guid":{"rendered":"https:\/\/belanci-food.com\/about-us\/"},"modified":"2025-12-07T10:51:06","modified_gmt":"2025-12-07T10:51:06","slug":"about-us","status":"publish","type":"page","link":"https:\/\/belanci-food.com\/fr\/about-us\/","title":{"rendered":"\u00c0 propos"},"content":{"rendered":"\t\t<div data-elementor-type=\"wp-page\" data-elementor-id=\"1094\" class=\"elementor elementor-1094 elementor-413\" data-elementor-post-type=\"page\">\n\t\t\t\t<div class=\"wd-negative-gap elementor-element elementor-element-5561adb e-flex e-con-boxed e-con e-parent\" data-id=\"5561adb\" data-element_type=\"container\">\n\t\t\t\t\t<div class=\"e-con-inner\">\n\t\t\t\t<div class=\"elementor-element elementor-element-f04a574 elementor-widget elementor-widget-wd_text_block\" data-id=\"f04a574\" data-element_type=\"widget\" data-widget_type=\"wd_text_block.default\">\n\t\t\t\t<div class=\"elementor-widget-container\">\n\t\t\t\t\t\t\t<div class=\"wd-text-block reset-last-child text-left\">\n\t\t\t\n\t\t\t<p><span style=\"font-weight: 400;\">La soci\u00e9t\u00e9 Khoshgovar Esfahan a commenc\u00e9 son parcours en 2000, avec pour objectif de produire de l\u2019eau min\u00e9rale et des boissons gazeuses dans la r\u00e9gion pittoresque et naturellement riche de Fereydunshahr, \u00e0 Ispahan.<\/span><\/p><p><span style=\"font-weight: 400;\">Les ressources en eau pure et durable de cette zone ont offert les conditions id\u00e9ales pour \u00e9tablir des installations de production alimentaire et de boissons de haute qualit\u00e9.<\/span><\/p><p><span style=\"font-weight: 400;\">En 2012, \u00e0 la suite d\u2019\u00e9tudes de march\u00e9 approfondies et d\u2019une analyse des besoins des consommateurs, l\u2019entreprise a \u00e9largi ses infrastructures et modernis\u00e9 ses lignes de production pour entrer dans l\u2019industrie du poisson en conserve. En peu de temps, Khoshgovar Esfahan s\u2019est forg\u00e9 une solide r\u00e9putation sur ce march\u00e9 hautement concurrentiel.<\/span><\/p><p><span style=\"font-weight: 400;\">Aujourd\u2019hui, l\u2019entreprise exploite trois lignes de production avanc\u00e9es sur un site de 30 000 m\u00b2, dont 10 000 m\u00b2 consacr\u00e9s \u00e0 la fabrication. Avec une capacit\u00e9 quotidienne de plus de 60 tonnes de poisson et 200 000 bo\u00eetes, Khoshgovar Esfahan est reconnue comme l\u2019un des plus grands et des plus fiables producteurs de conserves alimentaires en Iran.<\/span><\/p>\n\t\t\t\t\t<\/div>\n\t\t\t\t\t\t<\/div>\n\t\t\t\t<\/div>\n\t\t\t\t\t<\/div>\n\t\t\t\t<\/div>\n\t\t<div class=\"wd-negative-gap elementor-element elementor-element-12525ae e-flex e-con-boxed e-con e-parent\" data-id=\"12525ae\" data-element_type=\"container\">\n\t\t\t\t\t<div class=\"e-con-inner\">\n\t\t\t\t<div class=\"elementor-element elementor-element-334ad91 wd-width-100 elementor-widget elementor-widget-wd_banner_carousel\" data-id=\"334ad91\" data-element_type=\"widget\" data-widget_type=\"wd_banner_carousel.default\">\n\t\t\t\t<div class=\"elementor-widget-container\">\n\t\t\t\t\t\t\t<div class=\"wd-carousel-container banners-carousel-wrapper\">\n\t\t\t<div class=\"wd-carousel-inner\">\n\t\t\t\t<div class=\"wd-carousel wd-grid banners-carousel\" data-speed=\"5000\" data-wrap=\"yes\" data-autoplay=\"yes\" style=\"--wd-col-lg:4;--wd-col-md:4;--wd-col-sm:1;--wd-gap-lg:30px;--wd-gap-sm:10px;\">\n\t\t\t\t\t<div class=\"wd-carousel-wrap\">\n\t\t\t\t\t\t\t\t\t\t\t\t\t\t\t\t\t\t\t\t\t\t<div class=\"promo-banner-wrapper wd-carousel-item elementor-repeater-item-3e40c5f\">\n\t\t\t<div class=\"promo-banner banner-default banner-hover-none color-scheme-dark banner-btn-size-default banner-btn-style-default wd-with-link\">\n\t\t\t\t<div class=\"main-wrapp-img\">\n\t\t\t\t\t<div class=\"banner-image\">\n\t\t\t\t\t\t\t\t\t\t\t\t\t\t\t\t\t\t\t\t\t<img fetchpriority=\"high\" decoding=\"async\" width=\"500\" height=\"750\" src=\"https:\/\/belanci-food.com\/wp-content\/uploads\/2025\/11\/\u062a\u0646-\u062f\u0631-\u0631\u0648\u063a\u0646-\u0632\u06cc\u062a\u0648\u0646-EN.jpg\" class=\"attachment-full size-full\" alt=\"\" srcset=\"https:\/\/belanci-food.com\/wp-content\/uploads\/2025\/11\/\u062a\u0646-\u062f\u0631-\u0631\u0648\u063a\u0646-\u0632\u06cc\u062a\u0648\u0646-EN.jpg 500w, https:\/\/belanci-food.com\/wp-content\/uploads\/2025\/11\/\u062a\u0646-\u062f\u0631-\u0631\u0648\u063a\u0646-\u0632\u06cc\u062a\u0648\u0646-EN-200x300.jpg 200w, https:\/\/belanci-food.com\/wp-content\/uploads\/2025\/11\/\u062a\u0646-\u062f\u0631-\u0631\u0648\u063a\u0646-\u0632\u06cc\u062a\u0648\u0646-EN-150x225.jpg 150w\" sizes=\"(max-width: 500px) 100vw, 500px\" \/>\t\t\t\t\t\t\t\t\t\t\t\t\t\t\t\t\t\t<\/div>\n\t\t\t\t<\/div>\n\n\t\t\t\t<div class=\"wrapper-content-banner wd-fill wd-items-bottom wd-justify-center\">\n\t\t\t\t\t<div class=\"content-banner  text-center\">\n\t\t\t\t\t\t\n\t\t\t\t\t\t\n\t\t\t\t\t\t\n\t\t\t\t\t\t\n\t\t\t\t\t\t\t\t\t\t\t<\/div>\n\t\t\t\t<\/div>\n\n\t\t\t\t\t\t\t\t\t<a href=\"https:\/\/belanci-food.com\/product\/canned-tuna-in-olive-oil\/\" class=\"wd-promo-banner-link wd-fill\" aria-label=\"Banner link\"><\/a>\n\t\t\t\t\t\t\t<\/div>\n\t\t<\/div>\n\t\t\t\t\t\t\t\t\t\t\t\t\t\t\t\t\t\t\t\t\t\t\t\t<div class=\"promo-banner-wrapper wd-carousel-item elementor-repeater-item-d35dca4\">\n\t\t\t<div class=\"promo-banner banner-default banner-hover-none color-scheme-dark banner-btn-size-default banner-btn-style-default wd-with-link\">\n\t\t\t\t<div class=\"main-wrapp-img\">\n\t\t\t\t\t<div class=\"banner-image\">\n\t\t\t\t\t\t\t\t\t\t\t\t\t\t\t\t\t\t\t\t\t<img decoding=\"async\" width=\"500\" height=\"750\" src=\"https:\/\/belanci-food.com\/wp-content\/uploads\/2025\/11\/En\u062a\u0646-\u0628\u0627-\u0641\u0644\u0641\u0644-\u0642\u0631\u0645\u0632.jpg\" class=\"attachment-full size-full\" alt=\"\" srcset=\"https:\/\/belanci-food.com\/wp-content\/uploads\/2025\/11\/En\u062a\u0646-\u0628\u0627-\u0641\u0644\u0641\u0644-\u0642\u0631\u0645\u0632.jpg 500w, https:\/\/belanci-food.com\/wp-content\/uploads\/2025\/11\/En\u062a\u0646-\u0628\u0627-\u0641\u0644\u0641\u0644-\u0642\u0631\u0645\u0632-200x300.jpg 200w, https:\/\/belanci-food.com\/wp-content\/uploads\/2025\/11\/En\u062a\u0646-\u0628\u0627-\u0641\u0644\u0641\u0644-\u0642\u0631\u0645\u0632-150x225.jpg 150w\" sizes=\"(max-width: 500px) 100vw, 500px\" \/>\t\t\t\t\t\t\t\t\t\t\t\t\t\t\t\t\t\t<\/div>\n\t\t\t\t<\/div>\n\n\t\t\t\t<div class=\"wrapper-content-banner wd-fill wd-items-bottom wd-justify-center\">\n\t\t\t\t\t<div class=\"content-banner  text-center\">\n\t\t\t\t\t\t\n\t\t\t\t\t\t\n\t\t\t\t\t\t\n\t\t\t\t\t\t\n\t\t\t\t\t\t\t\t\t\t\t<\/div>\n\t\t\t\t<\/div>\n\n\t\t\t\t\t\t\t\t\t<a href=\"https:\/\/belanci-food.com\/product\/canned-tuna-with-red-pepper-in-vegetable-oil\/\" class=\"wd-promo-banner-link wd-fill\" aria-label=\"Banner link\"><\/a>\n\t\t\t\t\t\t\t<\/div>\n\t\t<\/div>\n\t\t\t\t\t\t\t\t\t\t\t\t\t\t\t\t\t\t\t\t\t\t\t\t<div class=\"promo-banner-wrapper wd-carousel-item elementor-repeater-item-dfa709c\">\n\t\t\t<div class=\"promo-banner banner-default banner-hover-none color-scheme-dark banner-btn-size-default banner-btn-style-default wd-with-link\">\n\t\t\t\t<div class=\"main-wrapp-img\">\n\t\t\t\t\t<div class=\"banner-image\">\n\t\t\t\t\t\t\t\t\t\t\t\t\t\t\t\t\t\t\t\t\t<img decoding=\"async\" width=\"500\" height=\"750\" src=\"https:\/\/belanci-food.com\/wp-content\/uploads\/2025\/11\/\u062a\u0646-\u062f\u0631-\u0631\u0648\u063a\u0646-\u06af\u06cc\u0627\u0647\u06cc-En.jpg\" class=\"attachment-full size-full\" alt=\"\" srcset=\"https:\/\/belanci-food.com\/wp-content\/uploads\/2025\/11\/\u062a\u0646-\u062f\u0631-\u0631\u0648\u063a\u0646-\u06af\u06cc\u0627\u0647\u06cc-En.jpg 500w, https:\/\/belanci-food.com\/wp-content\/uploads\/2025\/11\/\u062a\u0646-\u062f\u0631-\u0631\u0648\u063a\u0646-\u06af\u06cc\u0627\u0647\u06cc-En-200x300.jpg 200w, https:\/\/belanci-food.com\/wp-content\/uploads\/2025\/11\/\u062a\u0646-\u062f\u0631-\u0631\u0648\u063a\u0646-\u06af\u06cc\u0627\u0647\u06cc-En-150x225.jpg 150w\" sizes=\"(max-width: 500px) 100vw, 500px\" \/>\t\t\t\t\t\t\t\t\t\t\t\t\t\t\t\t\t\t<\/div>\n\t\t\t\t<\/div>\n\n\t\t\t\t<div class=\"wrapper-content-banner wd-fill wd-items-bottom wd-justify-center\">\n\t\t\t\t\t<div class=\"content-banner  text-center\">\n\t\t\t\t\t\t\n\t\t\t\t\t\t\n\t\t\t\t\t\t\n\t\t\t\t\t\t\n\t\t\t\t\t\t\t\t\t\t\t<\/div>\n\t\t\t\t<\/div>\n\n\t\t\t\t\t\t\t\t\t<a href=\"https:\/\/belanci-food.com\/product\/canned-tuna-in-vegetable-oil\/\" class=\"wd-promo-banner-link wd-fill\" aria-label=\"Banner link\"><\/a>\n\t\t\t\t\t\t\t<\/div>\n\t\t<\/div>\n\t\t\t\t\t\t\t\t\t\t\t\t\t\t\t\t\t\t\t\t\t\t\t\t<div class=\"promo-banner-wrapper wd-carousel-item elementor-repeater-item-798fb40\">\n\t\t\t<div class=\"promo-banner banner-default banner-hover-none color-scheme-dark banner-btn-size-default banner-btn-style-default wd-with-link\">\n\t\t\t\t<div class=\"main-wrapp-img\">\n\t\t\t\t\t<div class=\"banner-image\">\n\t\t\t\t\t\t\t\t\t\t\t\t\t\t\t\t\t\t\t\t\t<img loading=\"lazy\" decoding=\"async\" width=\"500\" height=\"750\" src=\"https:\/\/belanci-food.com\/wp-content\/uploads\/2025\/11\/\u062a\u0646-\u0628\u0627-\u0634\u0648\u06cc\u062f-EN.jpg\" class=\"attachment-full size-full\" alt=\"\" srcset=\"https:\/\/belanci-food.com\/wp-content\/uploads\/2025\/11\/\u062a\u0646-\u0628\u0627-\u0634\u0648\u06cc\u062f-EN.jpg 500w, https:\/\/belanci-food.com\/wp-content\/uploads\/2025\/11\/\u062a\u0646-\u0628\u0627-\u0634\u0648\u06cc\u062f-EN-200x300.jpg 200w, https:\/\/belanci-food.com\/wp-content\/uploads\/2025\/11\/\u062a\u0646-\u0628\u0627-\u0634\u0648\u06cc\u062f-EN-150x225.jpg 150w\" sizes=\"(max-width: 500px) 100vw, 500px\" \/>\t\t\t\t\t\t\t\t\t\t\t\t\t\t\t\t\t\t<\/div>\n\t\t\t\t<\/div>\n\n\t\t\t\t<div class=\"wrapper-content-banner wd-fill wd-items-bottom wd-justify-center\">\n\t\t\t\t\t<div class=\"content-banner  text-center\">\n\t\t\t\t\t\t\n\t\t\t\t\t\t\n\t\t\t\t\t\t\n\t\t\t\t\t\t\n\t\t\t\t\t\t\t\t\t\t\t<\/div>\n\t\t\t\t<\/div>\n\n\t\t\t\t\t\t\t\t\t<a href=\"https:\/\/belanci-food.com\/product\/canned-tuna-with-dill-in-vegetable-oil\/\" class=\"wd-promo-banner-link wd-fill\" aria-label=\"Banner link\"><\/a>\n\t\t\t\t\t\t\t<\/div>\n\t\t<\/div>\n\t\t\t\t\t\t\t\t\t\t\t\t\t<\/div>\n\t\t\t\t<\/div>\n\n\t\t\t\t\t\t\t\t\t\t\t<div class=\"wd-nav-arrows wd-pos-together wd-hover-1 wd-icon-1\">\n\t\t\t<div class=\"wd-btn-arrow wd-prev wd-disabled\">\n\t\t\t\t<div class=\"wd-arrow-inner\"><\/div>\n\t\t\t<\/div>\n\t\t\t<div class=\"wd-btn-arrow wd-next\">\n\t\t\t\t<div class=\"wd-arrow-inner\"><\/div>\n\t\t\t<\/div>\n\t\t<\/div>\n\t\t\t\t\t\t\t\t\t<\/div>\n\n\t\t\t\t\t<div class=\"wd-nav-pagin-wrap text-center wd-style-shape wd-hide-md-sm wd-hide-sm\">\n\t\t\t<ul class=\"wd-nav-pagin\"><\/ul>\n\t\t<\/div>\n\t\t\t\t\t\t\t<\/div>\n\t\t\t\t\t\t<\/div>\n\t\t\t\t<\/div>\n\t\t\t\t\t<\/div>\n\t\t\t\t<\/div>\n\t\t<div class=\"wd-negative-gap elementor-element elementor-element-ae8c85a e-flex e-con-boxed e-con e-parent\" data-id=\"ae8c85a\" data-element_type=\"container\">\n\t\t\t\t\t<div class=\"e-con-inner\">\n\t\t\t\t<div class=\"elementor-element elementor-element-c76c7e4 elementor-widget elementor-widget-wd_text_block\" data-id=\"c76c7e4\" data-element_type=\"widget\" data-widget_type=\"wd_text_block.default\">\n\t\t\t\t<div class=\"elementor-widget-container\">\n\t\t\t\t\t\t\t<div class=\"wd-text-block reset-last-child text-left\">\n\t\t\t\n\t\t\t<p><span style=\"font-weight: 400;\">En 2020, afin de diversifier davantage sa gamme de produits, Khoshgovar Esfahan a lanc\u00e9 une ligne de production de plats non carn\u00e9s en conserve, avec une capacit\u00e9 quotidienne de 100 000 bo\u00eetes, renfor\u00e7ant ainsi sa position d\u2019acteur majeur dans l\u2019industrie alimentaire du pays.<\/span><\/p><p><span style=\"font-weight: 400;\">Khoshgovar Esfahan est fi\u00e8re d\u2019\u00eatre le partenaire de production de confiance de nombreuses marques r\u00e9put\u00e9es iraniennes, telles que Tabiat, Oila, Famila, Khoshbakht, Makenzi, Bijan, Pike, Hailey, Sahel, Galaxy, Delpazir, Mavi, Kimball, Santin, Esalat, Rima, Ladan et bien d\u2019autres.<\/span><\/p><p><span style=\"font-weight: 400;\">Chez Khoshgovar Esfahan, nous restons fid\u00e8les \u00e0 nos valeurs d\u2019int\u00e9grit\u00e9, de qualit\u00e9, d\u2019hygi\u00e8ne et d\u2019am\u00e9lioration continue \u2014 toujours engag\u00e9s dans le d\u00e9veloppement durable et la satisfaction de nos clients.<\/span><\/p>\n\t\t\t\t\t<\/div>\n\t\t\t\t\t\t<\/div>\n\t\t\t\t<\/div>\n\t\t\t\t\t<\/div>\n\t\t\t\t<\/div>\n\t\t<div class=\"wd-negative-gap elementor-element elementor-element-10dd648 wd-section-stretch-content e-flex e-con-boxed e-con e-parent\" data-id=\"10dd648\" data-element_type=\"container\" data-settings=\"{&quot;background_background&quot;:&quot;classic&quot;}\">\n\t\t\t\t\t<div class=\"e-con-inner\">\n\t\t\t\t<div class=\"elementor-element elementor-element-a653be3 elementor-widget elementor-widget-wd_image_or_svg\" data-id=\"a653be3\" data-element_type=\"widget\" data-widget_type=\"wd_image_or_svg.default\">\n\t\t\t\t<div class=\"elementor-widget-container\">\n\t\t\t\t\t\n\t\t<div class=\"wd-image text-left\">\n\t\t\t\t\t\t\t\t<img loading=\"lazy\" decoding=\"async\" width=\"700\" height=\"700\" src=\"https:\/\/belanci-food.com\/wp-content\/uploads\/2025\/08\/Canned-tuna.webp\" class=\"attachment-full size-full\" alt=\"\" srcset=\"https:\/\/belanci-food.com\/wp-content\/uploads\/2025\/08\/Canned-tuna.webp 700w, https:\/\/belanci-food.com\/wp-content\/uploads\/2025\/08\/Canned-tuna-300x300.webp 300w, https:\/\/belanci-food.com\/wp-content\/uploads\/2025\/08\/Canned-tuna-150x150.webp 150w, https:\/\/belanci-food.com\/wp-content\/uploads\/2025\/08\/Canned-tuna-600x600.webp 600w\" sizes=\"(max-width: 700px) 100vw, 700px\" \/>\t\t\t\t\t<\/div>\n\n\t\t\t\t\t\t<\/div>\n\t\t\t\t<\/div>\n\t\t\t\t<div class=\"elementor-element elementor-element-4d77003 elementor-widget__width-initial elementor-widget elementor-widget-wd_text_block\" data-id=\"4d77003\" data-element_type=\"widget\" data-widget_type=\"wd_text_block.default\">\n\t\t\t\t<div class=\"elementor-widget-container\">\n\t\t\t\t\t\t\t<div class=\"wd-text-block reset-last-child text-left\">\n\t\t\t\n\t\t\t<h2>Notre mission:<\/h2><p><span style=\"font-weight: 400;\">Chez Khoshgovar Esfahan, nous avons la passion de cr\u00e9er des produits de la mer et de la terre haut de gamme, alliant tradition et innovation \u2014 pour nourrir la vie et inspirer une alimentation plus saine, une bo\u00eete \u00e0 la fois. <\/span><span style=\"font-weight: 400;\">Notre mission est de maintenir les plus hautes normes de s\u00e9curit\u00e9 alimentaire, d\u2019adopter des pratiques responsables et durables, et de r\u00e9duire le gaspillage \u00e0 chaque \u00e9tape de la production. <\/span><span style=\"font-weight: 400;\">Chaque bo\u00eete que nous produisons est une promesse de qualit\u00e9, de soin et de constance \u2014 le reflet de notre engagement pour une meilleure alimentation au service d\u2019un monde meilleur.<\/span><\/p><h2>Notre vision:<\/h2><p><span style=\"font-weight: 400;\">\u00catre une marque alimentaire mondiale de confiance, offrant des repas en conserve sains, savoureux et durables \u2014 issus de la mer et de la terre \u2014 \u00e0 chaque cuisine du monde. <\/span><span style=\"font-weight: 400;\">Nous croyons que la bonne nourriture doit \u00eatre simple, accessible et pleine de joie : elle nourrit la vie, inspire la confiance et apporte une touche de qualit\u00e9 \u00e0 chaque repas, des tables locales aux march\u00e9s internationaux.<\/span><\/p>\n\t\t\t\t\t<\/div>\n\t\t\t\t\t\t<\/div>\n\t\t\t\t<\/div>\n\t\t\t\t\t<\/div>\n\t\t\t\t<\/div>\n\t\t\t\t<\/div>\n\t\t","protected":false},"excerpt":{"rendered":"<p>La soci\u00e9t\u00e9 Khoshgovar Esfahan a commenc\u00e9 son parcours en 2000, avec pour objectif de produire de l\u2019eau min\u00e9rale et des<\/p>\n","protected":false},"author":2,"featured_media":0,"parent":0,"menu_order":0,"comment_status":"closed","ping_status":"closed","template":"","meta":{"footnotes":""},"class_list":["post-1094","page","type-page","status-publish","hentry"],"_links":{"self":[{"href":"https:\/\/belanci-food.com\/fr\/wp-json\/wp\/v2\/pages\/1094","targetHints":{"allow":["GET"]}}],"collection":[{"href":"https:\/\/belanci-food.com\/fr\/wp-json\/wp\/v2\/pages"}],"about":[{"href":"https:\/\/belanci-food.com\/fr\/wp-json\/wp\/v2\/types\/page"}],"author":[{"embeddable":true,"href":"https:\/\/belanci-food.com\/fr\/wp-json\/wp\/v2\/users\/2"}],"replies":[{"embeddable":true,"href":"https:\/\/belanci-food.com\/fr\/wp-json\/wp\/v2\/comments?post=1094"}],"version-history":[{"count":7,"href":"https:\/\/belanci-food.com\/fr\/wp-json\/wp\/v2\/pages\/1094\/revisions"}],"predecessor-version":[{"id":1129,"href":"https:\/\/belanci-food.com\/fr\/wp-json\/wp\/v2\/pages\/1094\/revisions\/1129"}],"wp:attachment":[{"href":"https:\/\/belanci-food.com\/fr\/wp-json\/wp\/v2\/media?parent=1094"}],"curies":[{"name":"wp","href":"https:\/\/api.w.org\/{rel}","templated":true}]}}