{"id":1046,"date":"2025-08-09T00:00:20","date_gmt":"2025-08-09T00:00:20","guid":{"rendered":"https:\/\/belanci-food.com\/product\/canned-tuna-in-vegetable-oil\/"},"modified":"2025-12-08T08:14:39","modified_gmt":"2025-12-08T08:14:39","slug":"canned-tuna-in-vegetable-oil","status":"publish","type":"product","link":"https:\/\/belanci-food.com\/fr\/produit\/canned-tuna-in-vegetable-oil\/","title":{"rendered":"Thon en conserve \u00e0 l&rsquo;huile v\u00e9g\u00e9tale"},"content":{"rendered":"","protected":false},"excerpt":{"rendered":"<p><strong>Pays d&rsquo;origine :<\/strong> Iran<br \/>\n<strong>Code HS :<\/strong> 160414<br \/>\nLe thon en conserve est un produit alimentaire fabriqu\u00e9 \u00e0 partir de la chair de thon, principalement des esp\u00e8ces telles que le listao, l&rsquo;albacore, le thon \u00e0 longue queue ou le germon, et est propos\u00e9 sous forme de conserve st\u00e9rilis\u00e9e.<\/p>\n","protected":false},"featured_media":1048,"comment_status":"closed","ping_status":"closed","template":"","meta":[],"product_brand":[],"product_cat":[39],"product_tag":[],"class_list":{"0":"post-1046","1":"product","2":"type-product","3":"status-publish","4":"has-post-thumbnail","6":"product_cat-conserves-de-viande","8":"first","9":"instock","10":"shipping-taxable","11":"product-type-simple"},"_links":{"self":[{"href":"https:\/\/belanci-food.com\/fr\/wp-json\/wp\/v2\/product\/1046","targetHints":{"allow":["GET"]}}],"collection":[{"href":"https:\/\/belanci-food.com\/fr\/wp-json\/wp\/v2\/product"}],"about":[{"href":"https:\/\/belanci-food.com\/fr\/wp-json\/wp\/v2\/types\/product"}],"replies":[{"embeddable":true,"href":"https:\/\/belanci-food.com\/fr\/wp-json\/wp\/v2\/comments?post=1046"}],"wp:featuredmedia":[{"embeddable":true,"href":"https:\/\/belanci-food.com\/fr\/wp-json\/wp\/v2\/media\/1048"}],"wp:attachment":[{"href":"https:\/\/belanci-food.com\/fr\/wp-json\/wp\/v2\/media?parent=1046"}],"wp:term":[{"taxonomy":"product_brand","embeddable":true,"href":"https:\/\/belanci-food.com\/fr\/wp-json\/wp\/v2\/product_brand?post=1046"},{"taxonomy":"product_cat","embeddable":true,"href":"https:\/\/belanci-food.com\/fr\/wp-json\/wp\/v2\/product_cat?post=1046"},{"taxonomy":"product_tag","embeddable":true,"href":"https:\/\/belanci-food.com\/fr\/wp-json\/wp\/v2\/product_tag?post=1046"}],"curies":[{"name":"wp","href":"https:\/\/api.w.org\/{rel}","templated":true}]}}